{"id":35098,"date":"2021-01-21T15:06:32","date_gmt":"2021-01-21T14:06:20","guid":{"rendered":"https:\/\/beta.reed.ch\/sensorik-produkte\/sauglanze\/sauglanze-standard\/"},"modified":"2025-05-13T12:03:48","modified_gmt":"2025-05-13T10:03:48","slug":"standard-suction-lance","status":"publish","type":"page","link":"https:\/\/reed.ch\/en\/sensor-system-products\/suction-lances\/standard-suction-lance\/","title":{"rendered":"Standard Suction Lances"},"content":{"rendered":"","protected":false},"excerpt":{"rendered":"","protected":false},"author":3,"featured_media":0,"parent":35097,"menu_order":0,"comment_status":"closed","ping_status":"closed","template":"","meta":{"_acf_changed":false,"footnotes":""},"class_list":["post-35098","page","type-page","status-publish","hentry"],"acf":[],"yoast_head":"<!-- This site is optimized with the Yoast SEO Premium plugin v26.8 (Yoast SEO v26.8) - https:\/\/yoast.com\/product\/yoast-seo-premium-wordpress\/ -->\n<title>Standard PVC suction lances - Reed Electronics AG<\/title>\n<meta name=\"description\" content=\"Robust Reed suction lances made entirely from PVC and equipped with a low-level indicator and exchangeable hose nozzles and non-return valves.\" \/>\n<meta name=\"robots\" content=\"index, follow, max-snippet:-1, max-image-preview:large, max-video-preview:-1\" \/>\n<link rel=\"canonical\" href=\"https:\/\/reed.ch\/en\/sensor-system-products\/suction-lances\/standard-suction-lance\/\" \/>\n<meta property=\"og:locale\" content=\"en_US\" \/>\n<meta property=\"og:type\" content=\"article\" \/>\n<meta property=\"og:title\" content=\"Standard Suction Lances\" \/>\n<meta property=\"og:description\" content=\"Robust Reed suction lances made entirely from PVC and equipped with a low-level indicator and exchangeable hose nozzles and non-return valves.\" \/>\n<meta property=\"og:url\" content=\"https:\/\/reed.ch\/en\/sensor-system-products\/suction-lances\/standard-suction-lance\/\" \/>\n<meta property=\"og:site_name\" content=\"Reed Electronics AG\" \/>\n<meta property=\"article:modified_time\" content=\"2025-05-13T10:03:48+00:00\" \/>\n<meta property=\"og:image\" content=\"https:\/\/i0.wp.com\/reed.ch\/wp-content\/uploads\/2020\/12\/Messwertgeber2-scaled.jpg?fit=2560%2C1920&ssl=1\" \/>\n\t<meta property=\"og:image:width\" content=\"2560\" \/>\n\t<meta property=\"og:image:height\" content=\"1920\" \/>\n\t<meta property=\"og:image:type\" content=\"image\/jpeg\" \/>\n<meta name=\"twitter:card\" content=\"summary_large_image\" \/>\n<script type=\"application\/ld+json\" class=\"yoast-schema-graph\">{\"@context\":\"https:\/\/schema.org\",\"@graph\":[{\"@type\":\"WebPage\",\"@id\":\"https:\/\/reed.ch\/en\/sensor-system-products\/suction-lances\/standard-suction-lance\/\",\"url\":\"https:\/\/reed.ch\/en\/sensor-system-products\/suction-lances\/standard-suction-lance\/\",\"name\":\"Standard PVC suction lances - Reed Electronics AG\",\"isPartOf\":{\"@id\":\"https:\/\/reed.ch\/en\/#website\"},\"datePublished\":\"2021-01-21T14:06:20+00:00\",\"dateModified\":\"2025-05-13T10:03:48+00:00\",\"description\":\"Robust Reed suction lances made entirely from PVC and equipped with a low-level indicator and exchangeable hose nozzles and non-return valves.\",\"breadcrumb\":{\"@id\":\"https:\/\/reed.ch\/en\/sensor-system-products\/suction-lances\/standard-suction-lance\/#breadcrumb\"},\"inLanguage\":\"en-US\",\"potentialAction\":[{\"@type\":\"ReadAction\",\"target\":[\"https:\/\/reed.ch\/en\/sensor-system-products\/suction-lances\/standard-suction-lance\/\"]}]},{\"@type\":\"BreadcrumbList\",\"@id\":\"https:\/\/reed.ch\/en\/sensor-system-products\/suction-lances\/standard-suction-lance\/#breadcrumb\",\"itemListElement\":[{\"@type\":\"ListItem\",\"position\":1,\"name\":\"Home\",\"item\":\"https:\/\/reed.ch\/en\/\"},{\"@type\":\"ListItem\",\"position\":2,\"name\":\"Sensor-System Products\",\"item\":\"https:\/\/reed.ch\/en\/sensor-system-products\/\"},{\"@type\":\"ListItem\",\"position\":3,\"name\":\"Suction Lances\",\"item\":\"https:\/\/reed.ch\/en\/sensor-system-products\/suction-lances\/\"},{\"@type\":\"ListItem\",\"position\":4,\"name\":\"Standard Suction Lances\"}]},{\"@type\":\"WebSite\",\"@id\":\"https:\/\/reed.ch\/en\/#website\",\"url\":\"https:\/\/reed.ch\/en\/\",\"name\":\"Reed Electronics AG\",\"description\":\"F\u00fcllstandssensorik und Fl\u00fcssigkeitsmanagment\",\"publisher\":{\"@id\":\"https:\/\/reed.ch\/en\/#organization\"},\"alternateName\":\"F\u00fcllstandssensorik und Fl\u00fcssig\u00adkeits\u00ad\u00admanagement\",\"potentialAction\":[{\"@type\":\"SearchAction\",\"target\":{\"@type\":\"EntryPoint\",\"urlTemplate\":\"https:\/\/reed.ch\/en\/?s={search_term_string}\"},\"query-input\":{\"@type\":\"PropertyValueSpecification\",\"valueRequired\":true,\"valueName\":\"search_term_string\"}}],\"inLanguage\":\"en-US\"},{\"@type\":\"Organization\",\"@id\":\"https:\/\/reed.ch\/en\/#organization\",\"name\":\"Reed Electronics AG\",\"alternateName\":\"Reed\",\"url\":\"https:\/\/reed.ch\/en\/\",\"logo\":{\"@type\":\"ImageObject\",\"inLanguage\":\"en-US\",\"@id\":\"https:\/\/reed.ch\/en\/#\/schema\/logo\/image\/\",\"url\":\"https:\/\/reed.ch\/wp-content\/uploads\/2024\/07\/3.png\",\"contentUrl\":\"https:\/\/reed.ch\/wp-content\/uploads\/2024\/07\/3.png\",\"width\":1702,\"height\":1702,\"caption\":\"Reed Electronics AG\"},\"image\":{\"@id\":\"https:\/\/reed.ch\/en\/#\/schema\/logo\/image\/\"},\"sameAs\":[\"https:\/\/www.linkedin.com\/company\/5559313\/admin\/feed\/posts\/\"],\"description\":\"Die Reed Electronics AG steht seit \u00fcber 30 Jahren f\u00fcr Innovation und Zuverl\u00e4ssigkeit. Mit ihren kundenspezifischen Produkten und Systeml\u00f6sungen rund um das Fl\u00fcssigkeitsmanagement von Schwimmerschalter, Sauglanzen, Messwertgeber und Magnetschalter hat sich das Zentralschweizer Unternehmen branchen\u00fcbergreifend etabliert. Seit \u00fcber zwei Jahrzehnten entwickelt und produziert das KMU erfolgreich Hightech-Maschinen f\u00fcr die Verbindung respektive die Trennung thermoplastischer Schl\u00e4uche.\",\"email\":\"info@reed-ch\",\"telephone\":\"+41 41 499 70 40\",\"legalName\":\"Reed Elctronics AG\",\"foundingDate\":\"1986-01-01\",\"vatID\":\"CHE-254.970.277\",\"taxID\":\"CHE-254.970.277 MWST\",\"numberOfEmployees\":{\"@type\":\"QuantitativeValue\",\"minValue\":\"11\",\"maxValue\":\"50\"},\"correctionsPolicy\":\"https:\/\/reed.ch\/en\/about-reed-electronics\/gtc\/\",\"ethicsPolicy\":\"https:\/\/reed.ch\/en\/about-reed-electronics\/gtc\/\",\"diversityPolicy\":\"https:\/\/reed.ch\/en\/about-reed-electronics\/gtc\/\",\"diversityStaffingReport\":\"https:\/\/reed.ch\/en\/about-reed-electronics\/gtc\/\"}]}<\/script>\n<!-- \/ Yoast SEO Premium plugin. -->","yoast_head_json":{"title":"Standard PVC suction lances - Reed Electronics AG","description":"Robust Reed suction lances made entirely from PVC and equipped with a low-level indicator and exchangeable hose nozzles and non-return valves.","robots":{"index":"index","follow":"follow","max-snippet":"max-snippet:-1","max-image-preview":"max-image-preview:large","max-video-preview":"max-video-preview:-1"},"canonical":"https:\/\/reed.ch\/en\/sensor-system-products\/suction-lances\/standard-suction-lance\/","og_locale":"en_US","og_type":"article","og_title":"Standard Suction Lances","og_description":"Robust Reed suction lances made entirely from PVC and equipped with a low-level indicator and exchangeable hose nozzles and non-return valves.","og_url":"https:\/\/reed.ch\/en\/sensor-system-products\/suction-lances\/standard-suction-lance\/","og_site_name":"Reed Electronics AG","article_modified_time":"2025-05-13T10:03:48+00:00","og_image":[{"width":2560,"height":1920,"url":"https:\/\/i0.wp.com\/reed.ch\/wp-content\/uploads\/2020\/12\/Messwertgeber2-scaled.jpg?fit=2560%2C1920&ssl=1","type":"image\/jpeg"}],"twitter_card":"summary_large_image","schema":{"@context":"https:\/\/schema.org","@graph":[{"@type":"WebPage","@id":"https:\/\/reed.ch\/en\/sensor-system-products\/suction-lances\/standard-suction-lance\/","url":"https:\/\/reed.ch\/en\/sensor-system-products\/suction-lances\/standard-suction-lance\/","name":"Standard PVC suction lances - Reed Electronics AG","isPartOf":{"@id":"https:\/\/reed.ch\/en\/#website"},"datePublished":"2021-01-21T14:06:20+00:00","dateModified":"2025-05-13T10:03:48+00:00","description":"Robust Reed suction lances made entirely from PVC and equipped with a low-level indicator and exchangeable hose nozzles and non-return valves.","breadcrumb":{"@id":"https:\/\/reed.ch\/en\/sensor-system-products\/suction-lances\/standard-suction-lance\/#breadcrumb"},"inLanguage":"en-US","potentialAction":[{"@type":"ReadAction","target":["https:\/\/reed.ch\/en\/sensor-system-products\/suction-lances\/standard-suction-lance\/"]}]},{"@type":"BreadcrumbList","@id":"https:\/\/reed.ch\/en\/sensor-system-products\/suction-lances\/standard-suction-lance\/#breadcrumb","itemListElement":[{"@type":"ListItem","position":1,"name":"Home","item":"https:\/\/reed.ch\/en\/"},{"@type":"ListItem","position":2,"name":"Sensor-System Products","item":"https:\/\/reed.ch\/en\/sensor-system-products\/"},{"@type":"ListItem","position":3,"name":"Suction Lances","item":"https:\/\/reed.ch\/en\/sensor-system-products\/suction-lances\/"},{"@type":"ListItem","position":4,"name":"Standard Suction Lances"}]},{"@type":"WebSite","@id":"https:\/\/reed.ch\/en\/#website","url":"https:\/\/reed.ch\/en\/","name":"Reed Electronics AG","description":"F\u00fcllstandssensorik und Fl\u00fcssigkeitsmanagment","publisher":{"@id":"https:\/\/reed.ch\/en\/#organization"},"alternateName":"F\u00fcllstandssensorik und Fl\u00fcssig\u00adkeits\u00ad\u00admanagement","potentialAction":[{"@type":"SearchAction","target":{"@type":"EntryPoint","urlTemplate":"https:\/\/reed.ch\/en\/?s={search_term_string}"},"query-input":{"@type":"PropertyValueSpecification","valueRequired":true,"valueName":"search_term_string"}}],"inLanguage":"en-US"},{"@type":"Organization","@id":"https:\/\/reed.ch\/en\/#organization","name":"Reed Electronics AG","alternateName":"Reed","url":"https:\/\/reed.ch\/en\/","logo":{"@type":"ImageObject","inLanguage":"en-US","@id":"https:\/\/reed.ch\/en\/#\/schema\/logo\/image\/","url":"https:\/\/reed.ch\/wp-content\/uploads\/2024\/07\/3.png","contentUrl":"https:\/\/reed.ch\/wp-content\/uploads\/2024\/07\/3.png","width":1702,"height":1702,"caption":"Reed Electronics AG"},"image":{"@id":"https:\/\/reed.ch\/en\/#\/schema\/logo\/image\/"},"sameAs":["https:\/\/www.linkedin.com\/company\/5559313\/admin\/feed\/posts\/"],"description":"Die Reed Electronics AG steht seit \u00fcber 30 Jahren f\u00fcr Innovation und Zuverl\u00e4ssigkeit. Mit ihren kundenspezifischen Produkten und Systeml\u00f6sungen rund um das Fl\u00fcssigkeitsmanagement von Schwimmerschalter, Sauglanzen, Messwertgeber und Magnetschalter hat sich das Zentralschweizer Unternehmen branchen\u00fcbergreifend etabliert. Seit \u00fcber zwei Jahrzehnten entwickelt und produziert das KMU erfolgreich Hightech-Maschinen f\u00fcr die Verbindung respektive die Trennung thermoplastischer Schl\u00e4uche.","email":"info@reed-ch","telephone":"+41 41 499 70 40","legalName":"Reed Elctronics AG","foundingDate":"1986-01-01","vatID":"CHE-254.970.277","taxID":"CHE-254.970.277 MWST","numberOfEmployees":{"@type":"QuantitativeValue","minValue":"11","maxValue":"50"},"correctionsPolicy":"https:\/\/reed.ch\/en\/about-reed-electronics\/gtc\/","ethicsPolicy":"https:\/\/reed.ch\/en\/about-reed-electronics\/gtc\/","diversityPolicy":"https:\/\/reed.ch\/en\/about-reed-electronics\/gtc\/","diversityStaffingReport":"https:\/\/reed.ch\/en\/about-reed-electronics\/gtc\/"}]}},"_links":{"self":[{"href":"https:\/\/reed.ch\/en\/wp-json\/wp\/v2\/pages\/35098","targetHints":{"allow":["GET"]}}],"collection":[{"href":"https:\/\/reed.ch\/en\/wp-json\/wp\/v2\/pages"}],"about":[{"href":"https:\/\/reed.ch\/en\/wp-json\/wp\/v2\/types\/page"}],"author":[{"embeddable":true,"href":"https:\/\/reed.ch\/en\/wp-json\/wp\/v2\/users\/3"}],"replies":[{"embeddable":true,"href":"https:\/\/reed.ch\/en\/wp-json\/wp\/v2\/comments?post=35098"}],"version-history":[{"count":0,"href":"https:\/\/reed.ch\/en\/wp-json\/wp\/v2\/pages\/35098\/revisions"}],"up":[{"embeddable":true,"href":"https:\/\/reed.ch\/en\/wp-json\/wp\/v2\/pages\/35097"}],"wp:attachment":[{"href":"https:\/\/reed.ch\/en\/wp-json\/wp\/v2\/media?parent=35098"}],"curies":[{"name":"wp","href":"https:\/\/api.w.org\/{rel}","templated":true}]}}