{"id":35093,"date":"2020-10-05T09:43:36","date_gmt":"2020-10-05T07:43:36","guid":{"rendered":"https:\/\/beta.reed.ch\/sensorik-produkte\/schwimmerschalter\/"},"modified":"2025-05-14T08:48:27","modified_gmt":"2025-05-14T06:48:27","slug":"float-switches","status":"publish","type":"page","link":"https:\/\/reed.ch\/en\/sensor-system-products\/float-switches\/","title":{"rendered":"Float Switches"},"content":{"rendered":"","protected":false},"excerpt":{"rendered":"","protected":false},"author":1,"featured_media":33561,"parent":35089,"menu_order":1,"comment_status":"closed","ping_status":"closed","template":"","meta":{"_acf_changed":false,"footnotes":""},"class_list":["post-35093","page","type-page","status-publish","has-post-thumbnail","hentry"],"acf":[],"yoast_head":"<!-- This site is optimized with the Yoast SEO Premium plugin v26.8 (Yoast SEO v26.8) - https:\/\/yoast.com\/product\/yoast-seo-premium-wordpress\/ -->\n<title>Float switches for level detection | reed.ch<\/title>\n<meta name=\"description\" content=\"Using a Reed float switch, fluid levels can be reliably monitored and controlled. Also available in an EX design.\" \/>\n<meta name=\"robots\" content=\"index, follow, max-snippet:-1, max-image-preview:large, max-video-preview:-1\" \/>\n<link rel=\"canonical\" href=\"https:\/\/reed.ch\/en\/sensor-system-products\/float-switches\/\" \/>\n<meta property=\"og:locale\" content=\"en_US\" \/>\n<meta property=\"og:type\" content=\"article\" \/>\n<meta property=\"og:title\" content=\"Float Switches\" \/>\n<meta property=\"og:description\" content=\"Using a Reed float switch, fluid levels can be reliably monitored and controlled. Also available in an EX design.\" \/>\n<meta property=\"og:url\" content=\"https:\/\/reed.ch\/en\/sensor-system-products\/float-switches\/\" \/>\n<meta property=\"og:site_name\" content=\"Reed Electronics AG\" \/>\n<meta property=\"article:modified_time\" content=\"2025-05-14T06:48:27+00:00\" \/>\n<meta property=\"og:image\" content=\"https:\/\/reed.ch\/wp-content\/uploads\/2021\/02\/Schwimmerschalter_Mini_Reed-1-scaled-e1721396005376.jpg\" \/>\n\t<meta property=\"og:image:width\" content=\"2560\" \/>\n\t<meta property=\"og:image:height\" content=\"1920\" \/>\n\t<meta property=\"og:image:type\" content=\"image\/jpeg\" \/>\n<meta name=\"twitter:card\" content=\"summary_large_image\" \/>\n<script type=\"application\/ld+json\" class=\"yoast-schema-graph\">{\"@context\":\"https:\/\/schema.org\",\"@graph\":[{\"@type\":\"WebPage\",\"@id\":\"https:\/\/reed.ch\/en\/sensor-system-products\/float-switches\/\",\"url\":\"https:\/\/reed.ch\/en\/sensor-system-products\/float-switches\/\",\"name\":\"Float switches for level detection | reed.ch\",\"isPartOf\":{\"@id\":\"https:\/\/reed.ch\/en\/#website\"},\"primaryImageOfPage\":{\"@id\":\"https:\/\/reed.ch\/en\/sensor-system-products\/float-switches\/#primaryimage\"},\"image\":{\"@id\":\"https:\/\/reed.ch\/en\/sensor-system-products\/float-switches\/#primaryimage\"},\"thumbnailUrl\":\"https:\/\/i0.wp.com\/reed.ch\/wp-content\/uploads\/2021\/02\/Schwimmerschalter_Mini_Reed-1-scaled-e1721396005376.jpg?fit=2560%2C1920&ssl=1\",\"datePublished\":\"2020-10-05T07:43:36+00:00\",\"dateModified\":\"2025-05-14T06:48:27+00:00\",\"description\":\"Using a Reed float switch, fluid levels can be reliably monitored and controlled. Also available in an EX design.\",\"breadcrumb\":{\"@id\":\"https:\/\/reed.ch\/en\/sensor-system-products\/float-switches\/#breadcrumb\"},\"inLanguage\":\"en-US\",\"potentialAction\":[{\"@type\":\"ReadAction\",\"target\":[\"https:\/\/reed.ch\/en\/sensor-system-products\/float-switches\/\"]}]},{\"@type\":\"ImageObject\",\"inLanguage\":\"en-US\",\"@id\":\"https:\/\/reed.ch\/en\/sensor-system-products\/float-switches\/#primaryimage\",\"url\":\"https:\/\/i0.wp.com\/reed.ch\/wp-content\/uploads\/2021\/02\/Schwimmerschalter_Mini_Reed-1-scaled-e1721396005376.jpg?fit=2560%2C1920&ssl=1\",\"contentUrl\":\"https:\/\/i0.wp.com\/reed.ch\/wp-content\/uploads\/2021\/02\/Schwimmerschalter_Mini_Reed-1-scaled-e1721396005376.jpg?fit=2560%2C1920&ssl=1\",\"width\":2560,\"height\":1920,\"caption\":\"Schwimmerschalter Reed Electronics AG\"},{\"@type\":\"BreadcrumbList\",\"@id\":\"https:\/\/reed.ch\/en\/sensor-system-products\/float-switches\/#breadcrumb\",\"itemListElement\":[{\"@type\":\"ListItem\",\"position\":1,\"name\":\"Home\",\"item\":\"https:\/\/reed.ch\/en\/\"},{\"@type\":\"ListItem\",\"position\":2,\"name\":\"Sensor-System Products\",\"item\":\"https:\/\/reed.ch\/en\/sensor-system-products\/\"},{\"@type\":\"ListItem\",\"position\":3,\"name\":\"Float Switches\"}]},{\"@type\":\"WebSite\",\"@id\":\"https:\/\/reed.ch\/en\/#website\",\"url\":\"https:\/\/reed.ch\/en\/\",\"name\":\"Reed Electronics AG\",\"description\":\"F\u00fcllstandssensorik und Fl\u00fcssigkeitsmanagment\",\"publisher\":{\"@id\":\"https:\/\/reed.ch\/en\/#organization\"},\"alternateName\":\"F\u00fcllstandssensorik und Fl\u00fcssig\u00adkeits\u00ad\u00admanagement\",\"potentialAction\":[{\"@type\":\"SearchAction\",\"target\":{\"@type\":\"EntryPoint\",\"urlTemplate\":\"https:\/\/reed.ch\/en\/?s={search_term_string}\"},\"query-input\":{\"@type\":\"PropertyValueSpecification\",\"valueRequired\":true,\"valueName\":\"search_term_string\"}}],\"inLanguage\":\"en-US\"},{\"@type\":\"Organization\",\"@id\":\"https:\/\/reed.ch\/en\/#organization\",\"name\":\"Reed Electronics AG\",\"alternateName\":\"Reed\",\"url\":\"https:\/\/reed.ch\/en\/\",\"logo\":{\"@type\":\"ImageObject\",\"inLanguage\":\"en-US\",\"@id\":\"https:\/\/reed.ch\/en\/#\/schema\/logo\/image\/\",\"url\":\"https:\/\/reed.ch\/wp-content\/uploads\/2024\/07\/3.png\",\"contentUrl\":\"https:\/\/reed.ch\/wp-content\/uploads\/2024\/07\/3.png\",\"width\":1702,\"height\":1702,\"caption\":\"Reed Electronics AG\"},\"image\":{\"@id\":\"https:\/\/reed.ch\/en\/#\/schema\/logo\/image\/\"},\"sameAs\":[\"https:\/\/www.linkedin.com\/company\/5559313\/admin\/feed\/posts\/\"],\"description\":\"Die Reed Electronics AG steht seit \u00fcber 30 Jahren f\u00fcr Innovation und Zuverl\u00e4ssigkeit. Mit ihren kundenspezifischen Produkten und Systeml\u00f6sungen rund um das Fl\u00fcssigkeitsmanagement von Schwimmerschalter, Sauglanzen, Messwertgeber und Magnetschalter hat sich das Zentralschweizer Unternehmen branchen\u00fcbergreifend etabliert. Seit \u00fcber zwei Jahrzehnten entwickelt und produziert das KMU erfolgreich Hightech-Maschinen f\u00fcr die Verbindung respektive die Trennung thermoplastischer Schl\u00e4uche.\",\"email\":\"info@reed-ch\",\"telephone\":\"+41 41 499 70 40\",\"legalName\":\"Reed Elctronics AG\",\"foundingDate\":\"1986-01-01\",\"vatID\":\"CHE-254.970.277\",\"taxID\":\"CHE-254.970.277 MWST\",\"numberOfEmployees\":{\"@type\":\"QuantitativeValue\",\"minValue\":\"11\",\"maxValue\":\"50\"},\"correctionsPolicy\":\"https:\/\/reed.ch\/en\/about-reed-electronics\/gtc\/\",\"ethicsPolicy\":\"https:\/\/reed.ch\/en\/about-reed-electronics\/gtc\/\",\"diversityPolicy\":\"https:\/\/reed.ch\/en\/about-reed-electronics\/gtc\/\",\"diversityStaffingReport\":\"https:\/\/reed.ch\/en\/about-reed-electronics\/gtc\/\"}]}<\/script>\n<!-- \/ Yoast SEO Premium plugin. -->","yoast_head_json":{"title":"Float switches for level detection | reed.ch","description":"Using a Reed float switch, fluid levels can be reliably monitored and controlled. Also available in an EX design.","robots":{"index":"index","follow":"follow","max-snippet":"max-snippet:-1","max-image-preview":"max-image-preview:large","max-video-preview":"max-video-preview:-1"},"canonical":"https:\/\/reed.ch\/en\/sensor-system-products\/float-switches\/","og_locale":"en_US","og_type":"article","og_title":"Float Switches","og_description":"Using a Reed float switch, fluid levels can be reliably monitored and controlled. Also available in an EX design.","og_url":"https:\/\/reed.ch\/en\/sensor-system-products\/float-switches\/","og_site_name":"Reed Electronics AG","article_modified_time":"2025-05-14T06:48:27+00:00","og_image":[{"width":2560,"height":1920,"url":"https:\/\/reed.ch\/wp-content\/uploads\/2021\/02\/Schwimmerschalter_Mini_Reed-1-scaled-e1721396005376.jpg","type":"image\/jpeg"}],"twitter_card":"summary_large_image","schema":{"@context":"https:\/\/schema.org","@graph":[{"@type":"WebPage","@id":"https:\/\/reed.ch\/en\/sensor-system-products\/float-switches\/","url":"https:\/\/reed.ch\/en\/sensor-system-products\/float-switches\/","name":"Float switches for level detection | reed.ch","isPartOf":{"@id":"https:\/\/reed.ch\/en\/#website"},"primaryImageOfPage":{"@id":"https:\/\/reed.ch\/en\/sensor-system-products\/float-switches\/#primaryimage"},"image":{"@id":"https:\/\/reed.ch\/en\/sensor-system-products\/float-switches\/#primaryimage"},"thumbnailUrl":"https:\/\/i0.wp.com\/reed.ch\/wp-content\/uploads\/2021\/02\/Schwimmerschalter_Mini_Reed-1-scaled-e1721396005376.jpg?fit=2560%2C1920&ssl=1","datePublished":"2020-10-05T07:43:36+00:00","dateModified":"2025-05-14T06:48:27+00:00","description":"Using a Reed float switch, fluid levels can be reliably monitored and controlled. Also available in an EX design.","breadcrumb":{"@id":"https:\/\/reed.ch\/en\/sensor-system-products\/float-switches\/#breadcrumb"},"inLanguage":"en-US","potentialAction":[{"@type":"ReadAction","target":["https:\/\/reed.ch\/en\/sensor-system-products\/float-switches\/"]}]},{"@type":"ImageObject","inLanguage":"en-US","@id":"https:\/\/reed.ch\/en\/sensor-system-products\/float-switches\/#primaryimage","url":"https:\/\/i0.wp.com\/reed.ch\/wp-content\/uploads\/2021\/02\/Schwimmerschalter_Mini_Reed-1-scaled-e1721396005376.jpg?fit=2560%2C1920&ssl=1","contentUrl":"https:\/\/i0.wp.com\/reed.ch\/wp-content\/uploads\/2021\/02\/Schwimmerschalter_Mini_Reed-1-scaled-e1721396005376.jpg?fit=2560%2C1920&ssl=1","width":2560,"height":1920,"caption":"Schwimmerschalter Reed Electronics AG"},{"@type":"BreadcrumbList","@id":"https:\/\/reed.ch\/en\/sensor-system-products\/float-switches\/#breadcrumb","itemListElement":[{"@type":"ListItem","position":1,"name":"Home","item":"https:\/\/reed.ch\/en\/"},{"@type":"ListItem","position":2,"name":"Sensor-System Products","item":"https:\/\/reed.ch\/en\/sensor-system-products\/"},{"@type":"ListItem","position":3,"name":"Float Switches"}]},{"@type":"WebSite","@id":"https:\/\/reed.ch\/en\/#website","url":"https:\/\/reed.ch\/en\/","name":"Reed Electronics AG","description":"F\u00fcllstandssensorik und Fl\u00fcssigkeitsmanagment","publisher":{"@id":"https:\/\/reed.ch\/en\/#organization"},"alternateName":"F\u00fcllstandssensorik und Fl\u00fcssig\u00adkeits\u00ad\u00admanagement","potentialAction":[{"@type":"SearchAction","target":{"@type":"EntryPoint","urlTemplate":"https:\/\/reed.ch\/en\/?s={search_term_string}"},"query-input":{"@type":"PropertyValueSpecification","valueRequired":true,"valueName":"search_term_string"}}],"inLanguage":"en-US"},{"@type":"Organization","@id":"https:\/\/reed.ch\/en\/#organization","name":"Reed Electronics AG","alternateName":"Reed","url":"https:\/\/reed.ch\/en\/","logo":{"@type":"ImageObject","inLanguage":"en-US","@id":"https:\/\/reed.ch\/en\/#\/schema\/logo\/image\/","url":"https:\/\/reed.ch\/wp-content\/uploads\/2024\/07\/3.png","contentUrl":"https:\/\/reed.ch\/wp-content\/uploads\/2024\/07\/3.png","width":1702,"height":1702,"caption":"Reed Electronics AG"},"image":{"@id":"https:\/\/reed.ch\/en\/#\/schema\/logo\/image\/"},"sameAs":["https:\/\/www.linkedin.com\/company\/5559313\/admin\/feed\/posts\/"],"description":"Die Reed Electronics AG steht seit \u00fcber 30 Jahren f\u00fcr Innovation und Zuverl\u00e4ssigkeit. Mit ihren kundenspezifischen Produkten und Systeml\u00f6sungen rund um das Fl\u00fcssigkeitsmanagement von Schwimmerschalter, Sauglanzen, Messwertgeber und Magnetschalter hat sich das Zentralschweizer Unternehmen branchen\u00fcbergreifend etabliert. Seit \u00fcber zwei Jahrzehnten entwickelt und produziert das KMU erfolgreich Hightech-Maschinen f\u00fcr die Verbindung respektive die Trennung thermoplastischer Schl\u00e4uche.","email":"info@reed-ch","telephone":"+41 41 499 70 40","legalName":"Reed Elctronics AG","foundingDate":"1986-01-01","vatID":"CHE-254.970.277","taxID":"CHE-254.970.277 MWST","numberOfEmployees":{"@type":"QuantitativeValue","minValue":"11","maxValue":"50"},"correctionsPolicy":"https:\/\/reed.ch\/en\/about-reed-electronics\/gtc\/","ethicsPolicy":"https:\/\/reed.ch\/en\/about-reed-electronics\/gtc\/","diversityPolicy":"https:\/\/reed.ch\/en\/about-reed-electronics\/gtc\/","diversityStaffingReport":"https:\/\/reed.ch\/en\/about-reed-electronics\/gtc\/"}]}},"_links":{"self":[{"href":"https:\/\/reed.ch\/en\/wp-json\/wp\/v2\/pages\/35093","targetHints":{"allow":["GET"]}}],"collection":[{"href":"https:\/\/reed.ch\/en\/wp-json\/wp\/v2\/pages"}],"about":[{"href":"https:\/\/reed.ch\/en\/wp-json\/wp\/v2\/types\/page"}],"author":[{"embeddable":true,"href":"https:\/\/reed.ch\/en\/wp-json\/wp\/v2\/users\/1"}],"replies":[{"embeddable":true,"href":"https:\/\/reed.ch\/en\/wp-json\/wp\/v2\/comments?post=35093"}],"version-history":[{"count":0,"href":"https:\/\/reed.ch\/en\/wp-json\/wp\/v2\/pages\/35093\/revisions"}],"up":[{"embeddable":true,"href":"https:\/\/reed.ch\/en\/wp-json\/wp\/v2\/pages\/35089"}],"wp:featuredmedia":[{"embeddable":true,"href":"https:\/\/reed.ch\/en\/wp-json\/wp\/v2\/media\/33561"}],"wp:attachment":[{"href":"https:\/\/reed.ch\/en\/wp-json\/wp\/v2\/media?parent=35093"}],"curies":[{"name":"wp","href":"https:\/\/api.w.org\/{rel}","templated":true}]}}